{"id":41,"date":"2020-11-05T13:44:41","date_gmt":"2020-11-05T13:44:41","guid":{"rendered":"https:\/\/hanhartlaw.ch\/?page_id=41"},"modified":"2025-05-07T16:39:41","modified_gmt":"2025-05-07T16:39:41","slug":"home","status":"publish","type":"page","link":"https:\/\/hanhartlaw.ch\/en\/","title":{"rendered":"Startseite"},"content":{"rendered":"<div class=\"wp-block-group\"><div class=\"wp-block-group__inner-container\">\n<a class=\"anchorpoint\" id=\"ueber-mich\">just testing anchor points<\/a>\n\n\n\n<div class=\"wp-block-group portrait-container\"><div class=\"wp-block-group__inner-container\">\n<figure class=\"wp-block-image size-large contact-portrait hide-on-hover\"><img loading=\"lazy\" width=\"683\" height=\"1024\" src=\"https:\/\/hanhartlaw.ch\/wp-content\/uploads\/2020\/11\/WEB-SandraHanhart_SK_1708_web_skp-1-683x1024.jpg\" alt=\"\" class=\"wp-image-365\" srcset=\"https:\/\/hanhartlaw.ch\/wp-content\/uploads\/2020\/11\/WEB-SandraHanhart_SK_1708_web_skp-1-683x1024.jpg 683w, https:\/\/hanhartlaw.ch\/wp-content\/uploads\/2020\/11\/WEB-SandraHanhart_SK_1708_web_skp-1-200x300.jpg 200w, https:\/\/hanhartlaw.ch\/wp-content\/uploads\/2020\/11\/WEB-SandraHanhart_SK_1708_web_skp-1-768x1152.jpg 768w, https:\/\/hanhartlaw.ch\/wp-content\/uploads\/2020\/11\/WEB-SandraHanhart_SK_1708_web_skp-1-8x12.jpg 8w, https:\/\/hanhartlaw.ch\/wp-content\/uploads\/2020\/11\/WEB-SandraHanhart_SK_1708_web_skp-1.jpg 800w\" sizes=\"(max-width: 683px) 100vw, 683px\" \/><\/figure>\n\n<figure class=\"wp-block-image size-large contact-portrait image-below hidden-on-mobile\"><img loading=\"lazy\" width=\"683\" height=\"1024\" src=\"https:\/\/hanhartlaw.ch\/wp-content\/uploads\/2020\/11\/WEB-SandraHanhart_SK_1708_web_skp-683x1024.jpg\" alt=\"\" class=\"wp-image-298\" srcset=\"https:\/\/hanhartlaw.ch\/wp-content\/uploads\/2020\/11\/WEB-SandraHanhart_SK_1708_web_skp-683x1024.jpg 683w, https:\/\/hanhartlaw.ch\/wp-content\/uploads\/2020\/11\/WEB-SandraHanhart_SK_1708_web_skp-200x300.jpg 200w, https:\/\/hanhartlaw.ch\/wp-content\/uploads\/2020\/11\/WEB-SandraHanhart_SK_1708_web_skp-768x1152.jpg 768w, https:\/\/hanhartlaw.ch\/wp-content\/uploads\/2020\/11\/WEB-SandraHanhart_SK_1708_web_skp-1024x1536.jpg 1024w, https:\/\/hanhartlaw.ch\/wp-content\/uploads\/2020\/11\/WEB-SandraHanhart_SK_1708_web_skp-8x12.jpg 8w, https:\/\/hanhartlaw.ch\/wp-content\/uploads\/2020\/11\/WEB-SandraHanhart_SK_1708_web_skp.jpg 1200w\" sizes=\"(max-width: 683px) 100vw, 683px\" \/><\/figure>\n<\/div><\/div>\n\n\n\n<p class=\"hidden-on-mobile bold-title\">About me<\/p>\n\n\n\n<p class=\"has-primary-color has-text-color\">Sandra Hanhart, lic. iur., MLP-HSG, Attorney at Law<\/p>\n\n\n\n<p class=\"border-on-top first-paragraph\">As a lawyer, I support organizations and private individuals in commercial law. My practice focuses on contract and corporate law as well as intellectual property, media, IT and data protection law.<\/p>\n\n\n\n<p class=\"first-paragraph has-primary-color has-text-color\">I have more than 15 years of experience in providing legal advice to companies and start-ups in the field of media, advertising and technology as General Counsel of a listed Swiss media group and partner in a commercial law firm. <\/p>\n\n\n\n<p class=\"has-primary-color has-text-color first-paragraph\"><\/p>\n\n\n\n<p class=\"border-on-top\"> <\/p>\n\n\n<div id=\"cv-link-41\" class=\"sh-link cv-link sh-hide\"><a href=\"#\" onclick=\"showhide_toggle('cv', 41, '\u2193 Lebenslauf', '\u2191 Weniger'); return false;\" aria-expanded=\"false\"><span id=\"cv-toggle-41\">\u2193 Curriculum vitae<\/span><\/a><\/div><div id=\"cv-content-41\" class=\"sh-content cv-content sh-hide\" style=\"display: none;\"><\/p>\n\n\n\n<br><table id=\"cv-table\">\n  <tbody><tr>\n    <td colspan=\"2\">Activity<\/td>\n  <\/tr>\n  <tr>\n    <td>since 2020<\/td>\n    <td>Founding partner at Hanhart Law<\/td>\n  <\/tr>\n  <tr>\n    <td>since 2019<\/td>\n    <td>Judge at the Commercial Court of the Canton of Zurich (IP- and unfair competition law)<\/td>\n  <\/tr>\n  <tr>\n    <td>2018\u20132020<\/td>\n    <td>Partner at the law firm burckhardt Ltd.<\/td>\n  <\/tr>\n  <tr>\n    <td>2008\u20132018<\/td>\n    <td>General Counsel Tamedia Group (today TX Group)<\/td>\n  <\/tr>\n  <tr>\n    <td>2004\u20132008<\/td>\n    <td>Legal Counsel Tamedia Group (today TX Group)<\/td>\n  <\/tr>\n  <tr>\n    <td>2001\u20132002<\/td>\n    <td>Associate at Nobel & Hug Attorneys at Law<\/td>\n  <\/tr>\n  <tr class=\"last-line\">\n    <td>1999<\/td>\n    <td>Trainee lawyer with Schoch Jaeggi Hoch \/ Judicial clerk at the district court of Zurich<\/td>\n  <\/tr>\n  <!-- Line here -->\n  <tr class=\"table-top-line\">\n<td colspan=\"2\">Professional education<\/td>\n  <\/tr>\n  \n  <tr>\n    <td>2017<\/td>\n    <td>Leadership Program McKinsey<\/td>\n  <\/tr>\n  <tr>\n    <td>2009<\/td>\n    <td>Diploma program of the Executive School of Management at the University of St. Gallen (Management for the Legal Profession, DAS)<\/td>\n  <\/tr>\n  <tr>\n    <td>2003<\/td>\n    <td>\n      Visiting Scholar in Intellectual Property Law and Diploma in Alternative Dispute Resolution at New York University (NYU)\n    <\/td>\n  <\/tr>\n  <tr>\n    <td>2001<\/td>\n    <td>Admission to the bar of the Canton of Zurich<\/td>\n  <\/tr>\n  <tr>\n    <td>1998<\/td>\n    <td>Master of Law at the University of Zurich<\/td>\n  <\/tr>\n  <tr>\n    <td>1995<\/td>\n    <td style=\"padding-bottom: 32px;\">Exchange semester at the PUC University, R\u00edo de Janeiro (BR)<\/td>\n  <\/tr>\n<\/tbody><\/table>\n\n\n<p><\/div>\n\n\n<div id=\"pub-link-41\" class=\"sh-link pub-link sh-hide\"><a href=\"#\" onclick=\"showhide_toggle('pub', 41, '\u2193 Publikationen', '\u2191 Weniger'); return false;\" aria-expanded=\"false\"><span id=\"pub-toggle-41\">\u2193 Publications<\/span><\/a><\/div><div id=\"pub-content-41\" class=\"sh-content pub-content sh-hide\" style=\"display: none;\"><\/p>\n\n\n\n<table id=\"cv-table\">\n  <tbody><tr>\n    <td colspan=\"2\">Publications and Presentations<\/td>\n<td>Februar 2025<\/td>\n<td>Interview mit der Fachpublikation Medinside<br>Wenn \u00c4rzte und Spit\u00e4ler ins Visier von Falschbewertungen geraten<\/td>\n<\/tr>\n <tr>\n<td>Januar 2023<\/td>\n<td>Kapitel zum Datenschutzrecht<br>Lehrmittel Recht f\u00fcr Marketing- und Verkaufsverantwortliche (Compendio Bildungsmedien\/Swiss Marketing)<\/td>\n<\/tr>\n  <tr>\n <td>Februar 2022<\/td>\n<td>Datenschutz f\u00fcr Verlage<br>Workshop f\u00fcr Schweizer Buchh\u00e4ndler- und Verleger-Verband (SBVV)<\/td>\n<\/tr>\n  <tr>\n   <td>September 2021<\/td>\n    <td>Juristische Grundlagen f\u00fcr Lehrmittelverlage<br>Unterricht im Rahmen der Weiterbildung kompakt des Schweizer Buchh\u00e4ndler- und Verleger-Verbands (SBVV)<\/td>\n<\/tr> \n<tr>\n<td>September 2021<\/td>\n    <td>Juristisches Abkl\u00e4rungen: Empfehlungen aus der Praxis<br>Referat School of Management and Law (ZHAW) <\/td>\n<\/tr>\n  <tr>\n    <td>August 2021<\/td>\n    <td>News-Content auf Plattformen: Ersetzen Deals mit Medienunternehmen (Google News Showcase, Facebook News) in der Praxis die Regulierung? <br>Session-Referat IT Juristinnentag<\/td><\/tr>\n  <tr>\n    <td>November 2020<\/td>\n    <td>Professionelle juristische Abkl\u00e4rungen im Gesellschaftsrecht: Anforderungen aus der Praxis<br>Presentation at the School of Management and Law (ZHAW) and the RheinMain University of Applied Sciences, Wiesbaden Business School<\/td>\n  <\/tr>\n  <tr>\n    <td>November 2019<\/td>\n    <td>Rufmord in sozialen Medien, medienrechtliche Regeln f\u00fcr Influencer<br>Presentation at the Zurich University of the Arts \/ Center for cultural Law and Swiss Forum for Communication Law<\/td>\n  <\/tr>\n  <tr>\n    <td>May 2019<\/td>\n    <td>Das Trennungs- und Kennzeichnungsgebot bei Beitr\u00e4gen in sozialen Medien<br>Aufsatz in sic! 6\/2019, S. 353 ff.<\/td>\n  <\/tr>\n  <tr>\n    <td>November 2018<\/td>\n    <td>Rechtliche Bedeutung der Due Diligence<br>Referat M&amp;A Day TX Group (vormals Tamedia)<\/td>\n  <\/tr>\n  <tr>\n    <td>October 2018<\/td>\n    <td>Eine einseitige Medienhilfe<br>Article in Neue Z\u00fcrcher Zeitung, edition of October 13, 2018<\/td>\n  <\/tr>\n  <tr>\n    <td>October 2018<\/td>\n    <td>Geh\u00f6ren die Bildrechte immer dem Autor?<br>Article in Tagblatt der Stadt Z\u00fcrich, edition of October 2, 2018<\/td>\n  <\/tr>\n<\/tbody><\/table>\n\n\n<p><\/div>\n\n\n<div id=\"mem-link-41\" class=\"sh-link mem-link sh-hide\"><a href=\"#\" onclick=\"showhide_toggle('mem', 41, '\u2193 Mitgliedschaften', '\u2191 Weniger'); return false;\" aria-expanded=\"false\"><span id=\"mem-toggle-41\">\u2193 Memberships<\/span><\/a><\/div><div id=\"mem-content-41\" class=\"sh-content mem-content sh-hide\" style=\"display: none;\"><\/p>\n\n\n\n<table id=\"cv-table\">\n  <tbody><tr>\n    <td colspan=\"1\">Memberships<\/td>\n  <\/tr>\n  <tr>\n<td>Arbeitsgemeinschaft der Verlagsjustitiare (AGVJ)<\/td>\n<\/tr>\n  <tr>\n    <td>Commercial Law Practice Group (Zurich Bar Association)<\/td>\n    <\/tr>\n  <tr>\n    <td>Intellectual Property Practice Group (Zurich Bar Association)   <\/td>\n  <\/tr>\n  <tr>\n    <td>International Technology Law Association (ITechLaw)<\/td>\n  <\/tr>\n  <tr>\n    <td>LAM Alumni, Executive School of Management, Technology and Law (ES-HSG) \n<\/td>\n  <\/tr>\n  <tr><td>Swiss Bar Association<\/td>\n  <\/tr>\n  <tr>\n    <td>Zurich Bas Association<\/td>\n  <\/tr>\n<\/tbody><\/table>\n\n\n<p><\/div>\n<\/div><\/div>\n\n\n\n<div class=\"wp-block-group\"><div class=\"wp-block-group__inner-container\">\n<a class=\"anchorpoint\" id=\"angebot\">just testing anchor points<\/a>\n\n\n\n<div id=\"rubiks-container\">\n<lottie-player id=\"rubiks\" src=\"https:\/\/hanhartlaw.ch\/wp-content\/uploads\/2020\/11\/data-1.json\">&#8222;&gt;<\/lottie-player>\n<\/div>\n\n<script src=\"https:\/\/unpkg.com\/@lottiefiles\/lottie-player@latest\/dist\/lottie-player.js\"><\/script>\n<script src=\"https:\/\/unpkg.com\/@lottiefiles\/lottie-interactivity@latest\/dist\/lottie-interactivity.min.js\"><\/script>\n<script>\n    LottieInteractivity.create({\n    player: '#rubiks',\n    mode:\"scroll\",\n    actions : [\n{\n      visibility: [0, 0.4],\n      type: \"seek\",\n      frames: [39,40]\n    },\n   {\n      visibility: [0.4, 0.6],\n      type: \"seek\",\n      frames: [40,75]\n    },\n      {\n        visibility: [0.6],\n        type : \"stop\",\n        frames : [75]\n      }\n    ]}\n  );\n<\/script>\n\n\n\n<p class=\"hidden-on-mobile bold-title has-primary-color has-text-color\">Offer&nbsp;<\/p>\n\n\n\n<p class=\"first-paragraph\">Hanhart Law stands for individual, high quality legal advice in commercial law. <\/p>\n\n\n\n<p class=\"first-paragraph\">In my areas of expertise, I advise clients and represent them in dispute resolutions in and outside of court and other authorities.&nbsp;<\/p>\n\n\n\n<p><\/p>\n\n\n\n<p class=\"first-paragraph\">Due to my professional experience and several management trainings, I am very familiar with the demands of companies, and I am able to understand both the legal and business perspectives. My firm's structure allows me to provide you with personal advice at any time, free of conflicts of interest. You benefit from my many years of specialization in my areas of expertise, my in-depth knowledge of the industry and an efficient network at home and abroad. Hanhart Law is part of the FAKE*away network for protecting the reputation of companies in the DACH region (see www.fakeaway.ch). Furthermore, I  cooperate with selected lawyers with a different specialication as needed.<span class=\"has-inline-color has-primary-color\">. <\/span>Due to my professional experience and several management training courses, I am very familiar with the requirements of companies and the business perspective. My firm's structure allows me to advise you personally at all times, free from conflicts of interest. You benefit from my many years of specialization in my areas of expertise, my in-depth knowledge of the industry and an efficient network in Switzerland and abroad.&nbsp; <\/p>\n\n\n\n<p class=\"first-paragraph\">According to the business magazine BILANZ Hanhart Law is one of the best law firms in Switzerland in its field (cf.  ratings for the years 2022 until 2025 in the area of Media Law) <\/p>\n\n\n\n<p><\/p>\n\n\n\n<p class=\"border-on-top bold-title has-primary-color has-text-color\">Intellectual property and media law<\/p>\n\n\n\n<p class=\"has-primary-color has-text-color listed-items\"><\/p><li>I advise clients on the drafting of contracts (e.g. licensing agreements, marketing agreements, cooperation agreements) and on all issues in the area of intellectual property and advertising law as well as personality and data protection law. This includes all legal matters relating to publications in newspapers, television and radio as well as on news platforms and in social media.<\/li><p><\/p>\n\n\n\n<p class=\"has-primary-color has-text-color listed-items\"><li>My advice includes all legal matters regarding publications in newspapers, television, news websites, and social media, including specific regulations of the media and advertising industry. <\/li><\/p>\n\n\n\n<p class=\"has-primary-color has-text-color listed-items\"><\/p><li>In particular my advice is aimed at publishers, broadcasters, photo and advertising agencies, and all other companies in the field of media and technology.&nbsp;<\/li><p><\/p>\n\n\n\n<p class=\"border-on-top bold-title has-primary-color has-text-color\">Contract and transaction related business law \/ M&A<\/p>\n\n\n\n<p class=\"has-primary-color has-text-color listed-items\"><\/p><li>In particular, I advise on corporate acquisitions, mergers and capital increases. My advice covers share deals as well as asset deals, from the initial negotiation with potential buyers or sellers, to the pre-closing carve-out, due diligence, negotiation and signing of contracts.&nbsp;&nbsp;<\/li><p><\/p>\n\n\n\n<p class=\"has-primary-color has-text-color listed-items\"><\/p><li>I regularly support shareholders in structuring their shareholder relations within the framework of shareholder agreements and advise clients on labour law.<\/li><p><\/p>\n\n\n\n<p class=\"has-primary-color has-text-color listed-items\"><li>I advise companies including start-ups and their founders, members of the management and board of directors from various industries.\u00a0&nbsp;<\/li><\/p>\n\n\n\n<p class=\"border-on-top first-paragraph\"><\/p>\n<\/div><\/div>\n\n\n\n<div class=\"wp-block-group has-background-color has-text-color\"><div class=\"wp-block-group__inner-container\">\n<a class=\"anchorpoint\" id=\"kontakt\">just testing anchor points<\/a>\n\n\n\n<p class=\"hidden-on-mobile bold-title has-primary-color has-text-color\">Contact&nbsp;<\/p>\n\n\n\n<p class=\"first-paragraph has-primary-color has-text-color\">The law firm of Hanhart Law can be reached in\n a few minutes on foot from Bellevue.&nbsp;&nbsp;<\/p>\n\n\n\n<p class=\"first-paragraph has-primary-color has-text-color\">The closest public transport stop is Zurich, Kreuzstrasse.<\/p>\n\n\n\n<p class=\"contact-detail-links has-primary-color has-text-color\"><a href=\"https:\/\/www.google.ch\/maps\/place\/Seegartenstrasse+2,+8008+Z%C3%BCrich\/@47.3612767,8.5458301,17z\/data=!3m1!4b1!4m6!3m5!1s0x479aa75227643ff9:0x8d494e082d3469b6!8m2!3d47.3612731!4d8.548405!16s%2Fg%2F11c3q3795d?entry=ttu\" title=\"\">\u2192 Google Maps<\/a><\/p>\n\n\n\n<p class=\"border-on-top has-primary-color has-text-color\">Hanhart Law<br>Seegartenstrasse 2<br>CH-8008 Z\u00fcrich<\/p>\n\n\n\n<p class=\"contact-detail-links has-primary-color has-text-color\">Tel: <a data-type=\"tel\" data-id=\"tel:+41445455450\" href=\"tel:+41445455450\">+41 44 545 54 50<\/a><br>Mobile: <a href=\"tel:+41796170194\">+41 79 617 01 94<\/a><br>E-mail: &nbsp; <a href=\"mailto:sandra.hanhart@hanhartlaw.ch\">sandra.hanhart@hanhartlaw.ch<\/a><br>Website: <a href=\"http:\/\/www.hanhartlaw.ch\/\">www.hanhartlaw.ch<\/a>&nbsp;<br><a href=\"https:\/\/www.linkedin.com\/in\/sandra-hanhart-8bb93a83\/\">\u2192 LinkedIn<\/a><\/p>\n\n\n\n<p class=\"contact-detail-links has-primary-color has-text-color\">Hanhart Law is part of the network FAKE*away for protecting the reputation of companies (for further information please consult <a href=\"https:\/\/fakeaway.ch\" target=\"_blank\" rel=\"noopener\">www.fakeaway.ch<\/a>).<\/p>\n\n\n\n\n\n<p><\/p>\n\n\n\n<p class=\"additional-links has-primary-color has-text-color\"><a href=\"https:\/\/hanhartlaw.ch\/datenschutz\/\" data-type=\"page\" data-id=\"176\">Privacy policy<\/a><br><a href=\"https:\/\/hanhartlaw.ch\/impressum\/\" data-type=\"page\" data-id=\"178\">Imprint<\/a>&nbsp; &nbsp; &nbsp; &nbsp; &nbsp;<br><a href=\"https:\/\/hanhartlaw.ch\/copyright\/\" data-type=\"page\" data-id=\"180\">Copyright<\/a><\/p>\n\n\n\n<p class=\"placeholder\"> <\/p>\n<\/div><\/div>\n\n\n\n<p><\/p>","protected":false},"excerpt":{"rendered":"","protected":false},"author":1,"featured_media":0,"parent":0,"menu_order":0,"comment_status":"closed","ping_status":"closed","template":"","meta":[],"aioseo_notices":[],"_links":{"self":[{"href":"https:\/\/hanhartlaw.ch\/en\/wp-json\/wp\/v2\/pages\/41"}],"collection":[{"href":"https:\/\/hanhartlaw.ch\/en\/wp-json\/wp\/v2\/pages"}],"about":[{"href":"https:\/\/hanhartlaw.ch\/en\/wp-json\/wp\/v2\/types\/page"}],"author":[{"embeddable":true,"href":"https:\/\/hanhartlaw.ch\/en\/wp-json\/wp\/v2\/users\/1"}],"replies":[{"embeddable":true,"href":"https:\/\/hanhartlaw.ch\/en\/wp-json\/wp\/v2\/comments?post=41"}],"version-history":[{"count":231,"href":"https:\/\/hanhartlaw.ch\/en\/wp-json\/wp\/v2\/pages\/41\/revisions"}],"predecessor-version":[{"id":881,"href":"https:\/\/hanhartlaw.ch\/en\/wp-json\/wp\/v2\/pages\/41\/revisions\/881"}],"wp:attachment":[{"href":"https:\/\/hanhartlaw.ch\/en\/wp-json\/wp\/v2\/media?parent=41"}],"curies":[{"name":"wp","href":"https:\/\/api.w.org\/{rel}","templated":true}]}}